{"id":22,"date":"2025-08-30T19:44:22","date_gmt":"2025-08-30T19:44:22","guid":{"rendered":"https:\/\/cooh.eu\/?page_id=22"},"modified":"2025-08-30T19:48:44","modified_gmt":"2025-08-30T19:48:44","slug":"informacie","status":"publish","type":"page","link":"https:\/\/cooh.eu\/?page_id=22","title":{"rendered":"Inform\u00e1cie"},"content":{"rendered":"\n<p>Z\u00e1klad Cooh:<\/p>\n\n\n\n<p>Cooh bolo zalo\u017een\u00e9 30\/08\/2025  Oliviou s pomocou Mat\u00fa\u0161a.V \u00famysle \u0161i\u0165 pre zn\u00e1mich r\u00f4zn\u00e9 vank\u00fa\u0161e, ply\u0161\u00e1ky, z\u00e1kladn\u00e9 oble\u010denia a \u010fal\u0161ie. Je to celkom rados\u0165 m\u00f4c\u0165 zdiela\u0165 \u0161itie so zn\u00e1mymi, u\u017e sa neviem do\u010dka\u0165 ke\u010f t\u00e1to str\u00e1nka bude plne funk\u010dn\u00e1 a objedn\u00e1vky sa bud\u00fa hrn\u00fa\u0165:)<\/p>\n\n\n\n<p><\/p>\n\n\n\n<p>V\u0161etko o objedn\u00e1vkach :<\/p>\n\n\n\n<p>R\u00f4zn\u00e9<\/p>\n\n\n\n<p><\/p>\n","protected":false},"excerpt":{"rendered":"<p>Z\u00e1klad Cooh: Cooh bolo zalo\u017een\u00e9 30\/08\/2025 Oliviou s pomocou Mat\u00fa\u0161a.V \u00famysle \u0161i\u0165 pre zn\u00e1mich r\u00f4zn\u00e9 vank\u00fa\u0161e, ply\u0161\u00e1ky, z\u00e1kladn\u00e9 oble\u010denia a \u010fal\u0161ie. Je to celkom rados\u0165 m\u00f4c\u0165 zdiela\u0165 \u0161itie so zn\u00e1mymi, u\u017e sa neviem do\u010dka\u0165 ke\u010f t\u00e1to str\u00e1nka bude plne funk\u010dn\u00e1 a objedn\u00e1vky sa bud\u00fa hrn\u00fa\u0165:) V\u0161etko o objedn\u00e1vkach : R\u00f4zn\u00e9<\/p>\n","protected":false},"author":1,"featured_media":0,"parent":0,"menu_order":0,"comment_status":"closed","ping_status":"closed","template":"","meta":{"footnotes":""},"class_list":["post-22","page","type-page","status-publish","hentry"],"_links":{"self":[{"href":"https:\/\/cooh.eu\/index.php?rest_route=\/wp\/v2\/pages\/22","targetHints":{"allow":["GET"]}}],"collection":[{"href":"https:\/\/cooh.eu\/index.php?rest_route=\/wp\/v2\/pages"}],"about":[{"href":"https:\/\/cooh.eu\/index.php?rest_route=\/wp\/v2\/types\/page"}],"author":[{"embeddable":true,"href":"https:\/\/cooh.eu\/index.php?rest_route=\/wp\/v2\/users\/1"}],"replies":[{"embeddable":true,"href":"https:\/\/cooh.eu\/index.php?rest_route=%2Fwp%2Fv2%2Fcomments&post=22"}],"version-history":[{"count":6,"href":"https:\/\/cooh.eu\/index.php?rest_route=\/wp\/v2\/pages\/22\/revisions"}],"predecessor-version":[{"id":28,"href":"https:\/\/cooh.eu\/index.php?rest_route=\/wp\/v2\/pages\/22\/revisions\/28"}],"wp:attachment":[{"href":"https:\/\/cooh.eu\/index.php?rest_route=%2Fwp%2Fv2%2Fmedia&parent=22"}],"curies":[{"name":"wp","href":"https:\/\/api.w.org\/{rel}","templated":true}]}}